{"id":4859,"date":"2016-11-22T23:06:26","date_gmt":"2016-11-22T23:06:26","guid":{"rendered":"http:\/\/cop21.developmentsites.net\/endecocide\/?page_id=4859"},"modified":"2020-12-11T17:18:03","modified_gmt":"2020-12-11T17:18:03","slug":"call-for-donations-to-end-ecocide","status":"publish","type":"page","link":"https:\/\/www.endecocide.org\/de\/call-for-donations-to-end-ecocide\/","title":{"rendered":"Spende f\u00fcr die Zukunft des Lebens auf der Erde"},"content":{"rendered":"<p><!-- --><\/p>\n<p><script type=\"text\/javascript\">\/\/ <![CDATA[ function enablePound(form) { form.hosted_button_id.value = \"6KG4SLSLMDB3G\"; } function enableEuro(form) { form.hosted_button_id.value = \"7VNE7Y2JPYTLG\"; } \/\/ ]]><\/script><\/p>\n<p><a href=\"\/wp-content\/uploads\/2014\/09\/effet-cascade.jpg\"><img loading=\"lazy\" decoding=\"async\" class=\" size-full wp-image-2374 alignleft\" src=\"http:\/\/cop21.developmentsites.net\/endecocide\/wp-content\/uploads\/2018\/11\/Earth-From-Space-desk-wallpapers.jpg\" alt=\"effet cascade\" width=\"295\" height=\"300\" \/><\/a><strong>Das Leben und die Menschheit k\u00f6nnen auf der Erde bewahrt werden, indem die Straftat des \u00d6kozids als das f\u00fcnfte Verbrechen gegen den Frieden vom Internationalen Strafgerichtshof in Den Haag anerkannt wird.<\/strong><\/p>\n<p>&nbsp;<\/p>\n<p>Doch um diese Anerkennung verwirklichen zu k\u00f6nnen,\u00a0 sind <a href=\"\/wp-content\/uploads\/2015\/11\/Prog-Conf-EN.pdf\">Konferenzen<\/a>, fantastische Veranstaltungen wie <a href=\"\/wp-content\/uploads\/2015\/11\/Prog-Conf-EN.pdf\">das <\/a><a href=\"\/wp-content\/uploads\/2015\/11\/Prog-Trib-EN.pdf\">Dritte Tribunal der Rechte der Natur<\/a> und Ausstellungen (organisiert von <a href=\"\/wp-content\/uploads\/2015\/10\/4-OnePager-Earthlaws-EN.pdf\">EEE und vielen anderen Partnerorganisationen<\/a>) notwendig.<\/p>\n<p>&nbsp;<\/p>\n<p><strong>Doch daf\u00fcr brauchen wir deine Unterst\u00fctzung! Bitte spende, um uns dabei zu helfen, unsere gemeinsame Geschichte zu ver\u00e4ndern, indem wir \u00d6kozide zu beenden.<\/strong><\/p>\n<p>&nbsp;<\/p>\n<div align=\"center\">\r\n        <div class=\"paymentButtons\">\r\n      <form action=\"https:\/\/www.paypal.com\/cgi-bin\/webscr\" method=\"post\" name=\"amount10\" target=\"_top\">\r\n        <input name=\"cmd\" type=\"hidden\" value=\"_s-xclick\" \/>\r\n        <input name=\"lc\" type=\"hidden\" value=\"de\" \/>\r\n        <input name=\"hosted_button_id\" type=\"hidden\" value=\"FWFK853T8875G\" \/>\r\n        <input name=\"submit\" src=\"\/wp-content\/uploads\/2016\/11\/paypal.png\" type=\"image\" \/>\r\n        <br\/>\r\n        <a href=\"#\" onclick=\"document.forms['amount10'].submit();return false;\">\r\n          JA, ich m\u00f6chte 10\u20ac spenden        <\/a>\r\n      <\/form>\r\n    <\/div>\r\n        <div class=\"paymentButtons\">\r\n      <form action=\"https:\/\/www.paypal.com\/cgi-bin\/webscr\" method=\"post\" name=\"amount20\" target=\"_top\">\r\n        <input name=\"cmd\" type=\"hidden\" value=\"_s-xclick\" \/>\r\n        <input name=\"lc\" type=\"hidden\" value=\"de\" \/>\r\n        <input name=\"hosted_button_id\" type=\"hidden\" value=\"8RKVNSAQEFHM4\" \/>\r\n        <input name=\"submit\" src=\"\/wp-content\/uploads\/2016\/11\/paypal.png\" type=\"image\" \/>\r\n        <br\/>\r\n        <a href=\"#\" onclick=\"document.forms['amount20'].submit();return false;\">\r\n          JA, ich m\u00f6chte 20\u20ac spenden        <\/a>\r\n      <\/form>\r\n    <\/div>\r\n        <div class=\"paymentButtons\">\r\n      <form action=\"https:\/\/www.paypal.com\/cgi-bin\/webscr\" method=\"post\" name=\"amount40\" target=\"_top\">\r\n        <input name=\"cmd\" type=\"hidden\" value=\"_s-xclick\" \/>\r\n        <input name=\"lc\" type=\"hidden\" value=\"de\" \/>\r\n        <input name=\"hosted_button_id\" type=\"hidden\" value=\"QRCU83ARZ6DFW\" \/>\r\n        <input name=\"submit\" src=\"\/wp-content\/uploads\/2016\/11\/paypal.png\" type=\"image\" \/>\r\n        <br\/>\r\n        <a href=\"#\" onclick=\"document.forms['amount40'].submit();return false;\">\r\n          JA, ich m\u00f6chte 40\u20ac spenden        <\/a>\r\n      <\/form>\r\n    <\/div>\r\n        <div class=\"paymentButtons\">\r\n      <form action=\"https:\/\/www.paypal.com\/cgi-bin\/webscr\" method=\"post\" name=\"amountown\" target=\"_top\">\r\n        <input name=\"cmd\" type=\"hidden\" value=\"_s-xclick\" \/>\r\n        <input name=\"lc\" type=\"hidden\" value=\"de\" \/>\r\n        <input name=\"hosted_button_id\" type=\"hidden\" value=\" Y847DJGQS4T7E\" \/>\r\n        <input name=\"submit\" src=\"\/wp-content\/uploads\/2016\/11\/paypal.png\" type=\"image\" \/>\r\n        <br\/>\r\n        <a href=\"#\" onclick=\"document.forms['amountown'].submit();return false;\">\r\n          W\u00e4hle eigenen Beitrag        <\/a>\r\n      <\/form>\r\n    <\/div>\r\n      <\/div>\n<h3>Bank\u00fcberweisung<\/h3>\n<p>Du hast keinen Paypal Account? Dann nutze bitte unsere Kontodaten (s.u.), um deine Spende zu \u00fcberweisen. Erw\u00e4hne bitte EEE als Transaktionskommentar.<\/p>\n<table style=\"padding-left: 15pt;\">\n<tbody>\n<tr>\n<td>Remittee<\/td>\n<td>Umweltverein End Ecocide<\/td>\n<\/tr>\n<tr>\n<td>IBAN<\/td>\n<td>DE20 8309 4495 0003 3211 18<\/td>\n<\/tr>\n<tr>\n<td>BIC<\/td>\n<td>GENODE\u00adF1ETK<\/td>\n<\/tr>\n<tr>\n<td>Bank<\/td>\n<td>EthikBank<\/td>\n<\/tr>\n<\/tbody>\n<\/table>\n<p><\/p>","protected":false},"excerpt":{"rendered":"<p>Das Leben und die Menschheit k\u00f6nnen auf der Erde bewahrt werden, indem die Straftat des \u00d6kozids als das f\u00fcnfte Verbrechen gegen den Frieden vom Internationalen Strafgerichtshof in Den Haag anerkannt wird. &nbsp; Doch um diese Anerkennung verwirklichen zu k\u00f6nnen,\u00a0 sind Konferenzen, fantastische Veranstaltungen wie das Dritte Tribunal der Rechte der [&hellip;]<\/p>\n","protected":false},"author":1,"featured_media":0,"parent":0,"menu_order":0,"comment_status":"closed","ping_status":"closed","template":"page-templates\/template-fullwidth.php","meta":{"footnotes":""},"class_list":["post-4859","page","type-page","status-publish","hentry"],"_links":{"self":[{"href":"https:\/\/www.endecocide.org\/de\/wp-json\/wp\/v2\/pages\/4859","targetHints":{"allow":["GET"]}}],"collection":[{"href":"https:\/\/www.endecocide.org\/de\/wp-json\/wp\/v2\/pages"}],"about":[{"href":"https:\/\/www.endecocide.org\/de\/wp-json\/wp\/v2\/types\/page"}],"author":[{"embeddable":true,"href":"https:\/\/www.endecocide.org\/de\/wp-json\/wp\/v2\/users\/1"}],"replies":[{"embeddable":true,"href":"https:\/\/www.endecocide.org\/de\/wp-json\/wp\/v2\/comments?post=4859"}],"version-history":[{"count":38,"href":"https:\/\/www.endecocide.org\/de\/wp-json\/wp\/v2\/pages\/4859\/revisions"}],"predecessor-version":[{"id":7507,"href":"https:\/\/www.endecocide.org\/de\/wp-json\/wp\/v2\/pages\/4859\/revisions\/7507"}],"wp:attachment":[{"href":"https:\/\/www.endecocide.org\/de\/wp-json\/wp\/v2\/media?parent=4859"}],"curies":[{"name":"wp","href":"https:\/\/api.w.org\/{rel}","templated":true}]}}