{"id":53,"date":"2016-02-07T18:17:44","date_gmt":"2016-02-07T18:17:44","guid":{"rendered":"http:\/\/cop21.developmentsites.net\/endecocide\/?page_id=53"},"modified":"2020-03-03T22:11:57","modified_gmt":"2020-03-03T22:11:57","slug":"what-is-ecocide","status":"publish","type":"page","link":"https:\/\/www.endecocide.org\/de\/what-is-ecocide\/","title":{"rendered":"Was ist \u00d6kozid?"},"content":{"rendered":"<p><img loading=\"lazy\" decoding=\"async\" class=\"alignleft wp-image-9\" src=\"http:\/\/cop21.developmentsites.net\/endecocide\/wp-content\/uploads\/2016\/01\/What-is-Ecocide-150x150.jpg\" alt=\"What is Ecocide\" width=\"230\" height=\"230\" srcset=\"https:\/\/www.endecocide.org\/wp-content\/uploads\/2016\/01\/What-is-Ecocide-150x150.jpg 150w, https:\/\/www.endecocide.org\/wp-content\/uploads\/2016\/01\/What-is-Ecocide.jpg 200w, https:\/\/www.endecocide.org\/wp-content\/uploads\/2016\/01\/What-is-Ecocide-174x174.jpg 174w\" sizes=\"auto, (max-width: 230px) 100vw, 230px\" \/><\/p>\n<p>Gem\u00e4\u00df den bekannten planetaren Grenzen ist ein \u00d6kozid definiert als eine umfangreiche Sch\u00e4digung oder Zerst\u00f6rung mit signifikanten und andauernden \u00c4nderungen der globalen Gemeing\u00fcter oder der irdischen \u00d6kosysteme, auf welche alle Lebewesen im Allgemeinen sowie die Menschheit im Besonderen angewiesen sind bzw. ist. Somit schlie\u00dfen \u00d6kozids zwar alle gr\u00f6\u00dferen Umweltkatastrophen mit ein, beziehen sich aber prim\u00e4r auf anthropogene (d.h. menschlich verursachte) Einfl\u00fcsse: Die Ausbeutung der endlichen irdischen Ressourcen durch die Menschen hat einen rapiden Klimawandel sowie das sechste Massensterben hervorgebracht, dessen Zeitzeugen wir heutzutage sind. Infolgedessen ist das \u00dcberleben sowohl der gegenw\u00e4rtigen als auch der zuk\u00fcnftigen Generationen bedroht. Um also die biologische Vielfalt und die Rechte k\u00fcnftiger Generationen zu bewahren, bedarf es einer Neudefinition von Wohlbefinden und Wohlstand \u2013 einer, die auf dem wissenschaftlichen Verst\u00e4ndnis hinsichtlich der Stabilit\u00e4t des globalen \u00d6kosystems basiert und zum Schutz dieser Rechte vor unternehmerischen Begehrlichkeiten in den internationalen rechtlichen Rahmenbedingungen verankert ist.<\/p>\n<h2 id=\"header1\">\u00a0Was sind die globalen Gemeing\u00fcter und das \u00d6kosystem der Erde?<\/h2>\n<div id=\"attachment_6014\" style=\"width: 368px\" class=\"wp-caption alignleft\"><img loading=\"lazy\" decoding=\"async\" aria-describedby=\"caption-attachment-6014\" class=\" wp-image-6014\" src=\"http:\/\/cop21.developmentsites.net\/endecocide\/wp-content\/uploads\/2016\/02\/2300-300x180.jpeg\" alt=\"Photograph: Global Environment Facility \" width=\"358\" height=\"215\" srcset=\"https:\/\/www.endecocide.org\/wp-content\/uploads\/2016\/02\/2300-300x180.jpeg 300w, https:\/\/www.endecocide.org\/wp-content\/uploads\/2016\/02\/2300-1024x614.jpeg 1024w, https:\/\/www.endecocide.org\/wp-content\/uploads\/2016\/02\/2300.jpeg 1240w\" sizes=\"auto, (max-width: 358px) 100vw, 358px\" \/><p id=\"caption-attachment-6014\" class=\"wp-caption-text\">Bild: Globale Umweltfazilit\u00e4t<\/p><\/div>\n<p>Die globalen Gemeing\u00fcter stellen nat\u00fcrliche Gebiete dar, gegen\u00fcber denen keinem Nationalstaat Exklusivrechte zustehen, da aufgrund derer Natur (z. B. Weltraum, Erdatmosph\u00e4re) oder einer internationalen Vereinbarung (z. B. Antarktisvertrag 1959) ein rechtliches Eigentum ausgeschlossen ist. So umfassen die globalen Gemeing\u00fcter Ozeane und Meere jenseits der Territorialgew\u00e4sser, die Atmosph\u00e4re, den Weltraum, die Arktis sowie Antarktis und grenz\u00fcberschreitende Fl\u00fcsse und Seen. Deren biologische Vielfalt sollte erhalten bleiben. Zudem sollten, unserer Auffassung zufolge, das Grundwasser, biochemische Kreisl\u00e4ufe, wandernde Arten und Genpools ebenfalls als globale Gemeing\u00fcter anerkannt und gesch\u00fctzt werden.<\/p>\n<p><img loading=\"lazy\" decoding=\"async\" class=\"wp-image-6013 alignright\" src=\"http:\/\/cop21.developmentsites.net\/endecocide\/wp-content\/uploads\/2016\/02\/earth-systems-300x298.jpeg\" alt=\"earth-systems\" width=\"257\" height=\"255\" srcset=\"https:\/\/www.endecocide.org\/wp-content\/uploads\/2016\/02\/earth-systems-300x298.jpeg 300w, https:\/\/www.endecocide.org\/wp-content\/uploads\/2016\/02\/earth-systems-150x150.jpeg 150w, https:\/\/www.endecocide.org\/wp-content\/uploads\/2016\/02\/earth-systems-174x174.jpeg 174w, https:\/\/www.endecocide.org\/wp-content\/uploads\/2016\/02\/earth-systems.jpeg 340w\" sizes=\"auto, (max-width: 257px) 100vw, 257px\" \/><\/p>\n<p>Die Erde ist aus mehreren Teilsystemen oder \u201eBereichen\u201c zusammengesetzt. Diese treten miteinander in Wechselwirkung und ergeben auf diese Weise ein komplexes und sich kontinuierlich ver\u00e4nderndes Ganzes, welches als Erdsystem bezeichnet wird. Dabei sind vier Teilsysteme zu unterscheiden: Die Atmosph\u00e4re ist die Schicht der Gase, welche die Erde umgeben; die Biosph\u00e4re besteht aus allen lebenden Organismen auf der Erde; die Geosph\u00e4re ist die physische Erde, die Gesteinsschmelze und der Boden; die Hydrosph\u00e4re umfasst all das Wasser unseres Planeten. Demzufolge konstituieren die Menschen einen Teil des Erdsystems \u2013 Sie beeinflussen die Materialien und Prozesse des Erdsystems und werden ihrerseits durch diese beeinflusst. Diese Gebiete, Systeme und Zyklen sind f\u00fcr das gesunde Funktionieren des globalen \u00d6kosystems als essenziell einzustufen und sollten, um deren entscheidende Balance zu erhalten, nicht l\u00e4nger als Schaupl\u00e4tze der Verschmutzung und \u00dcberbeanspruchung dienen.<\/p>\n<h2 id=\"header2\">Was sind die planetaren Grenzen?<\/h2>\n<p class=\"srcxnormal0\"><em><img loading=\"lazy\" decoding=\"async\" class=\" wp-image-6012 alignleft\" src=\"http:\/\/cop21.developmentsites.net\/endecocide\/wp-content\/uploads\/2016\/02\/PB_FIG33_globaia16Jan-240x300.jpeg\" alt=\"PB_FIG33_upgraded_mediaBLANK_11jan2015\" width=\"264\" height=\"330\" srcset=\"https:\/\/www.endecocide.org\/wp-content\/uploads\/2016\/02\/PB_FIG33_globaia16Jan-240x300.jpeg 240w, https:\/\/www.endecocide.org\/wp-content\/uploads\/2016\/02\/PB_FIG33_globaia16Jan-821x1024.jpeg 821w, https:\/\/www.endecocide.org\/wp-content\/uploads\/2016\/02\/PB_FIG33_globaia16Jan.jpeg 1500w\" sizes=\"auto, (max-width: 264px) 100vw, 264px\" \/><\/em><\/p>\n<p class=\"srcxnormal0\"><em>Neun planetare Grenzen<br \/>\n<\/em><\/p>\n<p>1. Klimawandel<br \/>\n2. Ver\u00e4nderung der Biosph\u00e4renintegrit\u00e4t (Verlust der Artenvielfalt und Aussterben der Arten)<br \/>\n3. Stratosph\u00e4rischer Ozonabbau<br \/>\n4. Ozeans\u00e4urebildung<br \/>\n5. Biogeochemische Str\u00f6mungen (Phosphor- und Stickstoffkreisl\u00e4ufe)<br \/>\n6. \u00c4nderung der Landnutzung (z. B. Entwaldung)<br \/>\n7. Frischwassernutzung<br \/>\n8. Atmosph\u00e4rische Aerosolzusammensetzung (mikroskopische Partikel in der Atmosph\u00e4re, die Einfluss auf das Klima und lebende Organismen aus\u00fcben)<br \/>\n9. Einf\u00fchrung neuer Gebilde (z. B. organische Schadstoffe, radioaktive Stoffe, Nanomaterialien und Mikrokunststoffe).<\/p>\n<p>Diese planetaren Grenzen fungieren zugleich auch als Begrenzungen bez\u00fcglich der Stabilit\u00e4t des globalen \u00d6kosystems (welche 2009 von <a href=\"http:\/\/www.stockholmresilience.org\/contact-us\/staff\/2008-01-16-rockstrom.html\">Johan Rockstr\u00f6ms<\/a> wissenschaftlichem Team bestimmt, und im Januar 2015 von <a href=\"http:\/\/www.stockholmresilience.org\/contact-us\/staff\/2009-08-24-steffen.html\">Will Steffens<\/a> Team des &#8222;Stockholm Resilience Centre&#8220; \u00fcberarbeitet wurden), jenseits derer die menschliche Existenz bedroht ist. Hierbei zeigt die Wissenschaft, dass diese neun Prozesse und Systeme die Stabilit\u00e4t und Widerstandsf\u00e4higkeit des Erdsystems regulieren &#8211; die Wechselwirkungen von Land, Ozean, Atmosph\u00e4re und Leben, welche zusammen Bedingungen schaffen, von denen unsere Gesellschaft abh\u00e4ngt.<\/p>\n<p>Derweil sind vier der neun planetarischen Grenzen als Resultat menschlicher Aktivit\u00e4ten \u00fcberschritten, zu welchen der Klimawandel, der Verlust der Biosph\u00e4renintegrit\u00e4t, die \u00c4nderung der Landnutzung sowie ver\u00e4nderte biogeochemische Kreisl\u00e4ufe (Phosphor und Stickstoff) z\u00e4hlen. Zwei von diesen wiederum, n\u00e4mlich der Klimawandel sowie die Biosph\u00e4renintegrit\u00e4t, sind das, was Wissenschaftler als \u201eKerngrenzen\u201c charakterisieren, denn eine wesentliche Modifikation auch nur einer der beiden \u201eKerngrenzen\u201c w\u00fcrde \u201edas Erdsystem in einen neuen Zustand bringen\u201c:<\/p>\n<p>\u201cDas \u00dcberschreiten einer Grenze steigert das Risiko, dass menschliche Aktivit\u00e4ten das Erdsystem unachtsam in ein signifikant weniger gastfreundliches Stadium treiben k\u00f6nnten. Dies w\u00e4re seinerseits der Bem\u00fchungen, Armut zu verringern, hinderlich und w\u00fcrde ebenso in einen R\u00fcckgang menschlichen Wohlbefindens in vielen L\u00e4ndern der Welt \u2013 inkl. der wohlhabenden L\u00e4nder \u2013 m\u00fcnden\u201c, erkl\u00e4rt Professor will Steffen.<\/p>\n<p>Die planetaren Grenzen sind also untrennbar miteinander verkn\u00fcpft und die \u00dcbertretung von einer erh\u00f6ht das Risiko, andere Grenzen ebenso zu \u00fcberschreiten (bspw. beeinflusst der Klimawandel den S\u00fc\u00dfwasserzyklus wesentlich). Professor John Rockstr\u00f6m macht entsprechend geltend, dass, sobald einmal bestimmte Schwellwerte \u00fcberschritten seien, die Gefahr einer \u201eirreversiblen und pl\u00f6tzlichen Umweltver\u00e4nderung\u201c bestehe, deren Konsequenzen f\u00fcr die Menschheit katastrophal seien: U.a. wird gesch\u00e4tzt, dass bis 2050 eine halbe Milliarde Menschen Wasserknappheit erfahren werden, wodurch das Potential f\u00fcr Konflikte um knappe Ressourcen intensiviert wird.<\/p>\n<p>Die Erde befindet sich derzeit in der \u201cAnthropoz\u00e4n\u201d Phase ihrer geologischen Geschichte, benannt nach den beispiellosen Auswirkungen der Menschen auf die nat\u00fcrliche Umwelt und deren biogeochemischen Prozesse. Seit der industriellen Revolution hat menschliche Aktivit\u00e4t in sich ausweitendem Verlust von Biodiversit\u00e4t, massiver Abholzung, der Verringerung von Stickstoff und Phosphor (welche zur Bodenbearbeitung ben\u00f6tigt werden), Knappheit von Frischwasser, Ozeanversauerung, der \u00dcberkonzentration des atmosph\u00e4rischen Kohlendioxids und schlie\u00dflich in der verlorenen Unversehrtheit der Ozonschicht resultiert. Um genau zu sein, hat unser Planet diese Schwelle von vier der neuen Grenzen seit Januar 2015 \u00fcberschritten.<\/p>\n<h2 id=\"header3\">Wer ist &#8222;End Ecocide on Earth&#8220;?<\/h2>\n<p><img loading=\"lazy\" decoding=\"async\" class=\"alignleft size-thumbnail wp-image-13\" src=\"http:\/\/cop21.developmentsites.net\/endecocide\/wp-content\/uploads\/2016\/01\/About-Us-150x150.jpg\" alt=\"About Us\" width=\"150\" height=\"150\" srcset=\"https:\/\/www.endecocide.org\/wp-content\/uploads\/2016\/01\/About-Us-150x150.jpg 150w, https:\/\/www.endecocide.org\/wp-content\/uploads\/2016\/01\/About-Us.jpg 200w, https:\/\/www.endecocide.org\/wp-content\/uploads\/2016\/01\/About-Us-174x174.jpg 174w\" sizes=\"auto, (max-width: 150px) 100vw, 150px\" \/><\/p>\n<p>\u201cEnd Ecocide on Earth\u201d (EEE) ist eine B\u00fcrgerInnenbewegung, welche die Anerkennung und Erg\u00e4nzung des \u00d6kozids als das f\u00fcnfte Verbrechen im internationalen Strafrecht zum Ziel hat, das vor dem Internationalen Strafgerichtshof (IStGH) in gleicher Weise wie Verbrechen gegen die Menschlichkeit, V\u00f6lkermord, Kriegs- oder Aggressionsverbrechen geahndet wird. Wir sind ein Team passionierter Freiwilliger \u2013 mit Erfahrungen und Wissen in Bereichen der Kommunikation, des Managements und des Umweltrechts \u00a0\u2013, die sich ernste Sorgen um unseren Planeten machen. Als Nichtregierungsorganisation st\u00fctzen wir uns dabei ausschlie\u00dflich auf gro\u00dfz\u00fcgige Spenden von Personen, die unsere Sorge um die Erde und ihre Bewohner teilen. \u00a0Wir glauben, dass es noch Hoffnung gibt, die Umwelt f\u00fcr kommende Generationen zu sch\u00fctzen. Doch ist dies eine Aufgabe, die wir nicht alleine vollbringen k\u00f6nnen. Vielmehr steht es in unserer kollektiven Kraft, diese Ver\u00e4nderung zu vollziehen. Daher rufen wir euch alle, die AktivistInnen von End Ecocide aber auch alle anders engagierten Mitmenschen auf, sich an allen Veranstaltungen zu beteiligen,\u00a0 welche die Anerkennung des \u00d6kozids im Allgemeinen sowie die Harmonie mit der Natur f\u00f6rdern, um ein gerechtes Gleichgewicht zwischen den wirtschaftlichen, sozialen und \u00f6kologischen Bed\u00fcrfnisse gegenw\u00e4rtiger und k\u00fcnftiger Generationen zu schaffen.<\/p>\n<h2 id=\"header4\">Was will &#8222;End Ecocide&#8220; erreichen?<\/h2>\n<p><img loading=\"lazy\" decoding=\"async\" class=\"alignleft size-thumbnail wp-image-11\" src=\"http:\/\/cop21.developmentsites.net\/endecocide\/wp-content\/uploads\/2016\/01\/What-we-want-to-achieve-150x150.jpg\" alt=\"What we want to achieve\" width=\"150\" height=\"150\" srcset=\"https:\/\/www.endecocide.org\/wp-content\/uploads\/2016\/01\/What-we-want-to-achieve-150x150.jpg 150w, https:\/\/www.endecocide.org\/wp-content\/uploads\/2016\/01\/What-we-want-to-achieve.jpg 200w, https:\/\/www.endecocide.org\/wp-content\/uploads\/2016\/01\/What-we-want-to-achieve-174x174.jpg 174w\" sizes=\"auto, (max-width: 150px) 100vw, 150px\" \/><\/p>\n<p>Unser prim\u00e4res Ziel ist die Anerkennung des \u00d6kozids als internationales Verbrechen. Derzeit haben wir 17 vorgeschlagene \u00c4nderungen des R\u00f6mischen Statuts entwickelt, um einen internationalen strafrechtlichen Rahmen zu kreieren, welcher den Schutz unseres Planeten sicherstellt. Dies soll erreicht werden, indem die globalen Gemeing\u00fcter sowie die irdischen \u00d6kosysteme, auf welche sich die Menschheit st\u00fctzt, bewahrt werden und sich menschliche Aktivit\u00e4t innerhalb der planetaren Grenzen abspielt. Des Weiteren w\u00fcrde die Einbeziehung wissenschaftlicher Standards die M\u00f6glichkeit er\u00f6ffnen, die globale Umwelt auf supranationale Weise zu sch\u00fctzen. Dementsprechend betreiben wir derzeit Lobbyarbeit daf\u00fcr, dass min. ein Mitgliedsstaat des Internationalen Strafgerichtshofes unsere vorgeschlagenen \u00c4nderungen des R\u00f6mischen Statuts unterst\u00fctzt. Auch werden wir weiterhin daran arbeiten, bis zur n\u00e4chsten Revisionskonferenz im November 2017 m\u00f6glichst breite Unterst\u00fctzung von m\u00f6glichst vielen IStGH Mitgliedsstaaten zu erhalten.<\/p>\n<h2 id=\"header5\">Was ist das R\u00f6mische Statut? Wie w\u00fcrde \u00d6kozid f\u00fcr das V\u00f6lkerrecht gelten?<\/h2>\n<p><img loading=\"lazy\" decoding=\"async\" class=\"alignleft size-thumbnail wp-image-10\" src=\"http:\/\/cop21.developmentsites.net\/endecocide\/wp-content\/uploads\/2016\/01\/What-is-Rome-statute-150x150.jpg\" alt=\"What is Rome statute\" width=\"150\" height=\"150\" srcset=\"https:\/\/www.endecocide.org\/wp-content\/uploads\/2016\/01\/What-is-Rome-statute-150x150.jpg 150w, https:\/\/www.endecocide.org\/wp-content\/uploads\/2016\/01\/What-is-Rome-statute.jpg 200w, https:\/\/www.endecocide.org\/wp-content\/uploads\/2016\/01\/What-is-Rome-statute-174x174.jpg 174w\" sizes=\"auto, (max-width: 150px) 100vw, 150px\" \/><\/p>\n<p>Das R\u00f6mische Statut ist die Gesetzgebung, die den Internationalen Strafgerichtshof (IStGH) bestimmt und ins Leben gerufen wurde, um die Straffreiheit der schwersten Verbrechen zu\u00a0 beenden. Im Rahmen\u00a0 des Statuts anerkannte Verbrechen sind Kriegsverbrechen, V\u00f6lkermord, Verbrechen gegen die Menschlichkeit und Verbrechen der Aggression. Hierbei schlie\u00dft die Definition von Kriegsverbrechen weitverbreitete, langfristige und schwere Sch\u00e4den an der nat\u00fcrlichen Umwelt mit ein. Dennoch gibt es zurzeit keine Vorkehrungen zum Schutz der Umwelt vor solchen Sch\u00e4den w\u00e4hrend Friedenszeiten. In Anbetracht des Ausma\u00dfes und der globalen Auswirkungen sollte \u00d6kozid jedoch als ein Verbrechen aufgefasst werden, das der universellen Gerichtsbarkeit unterliegt. Der Grundsatz der universellen Gerichtsbarkeit ergibt sich dabei aus der Annahme, dass bestimmte Verbrechen so schwerwiegend sind, dass diese die internationale Gemeinschaft als Ganzes betreffen. Infolgedessen ist es die Aufgabe, wenn nicht sogar die Pflicht, der Nationalstaaten, f\u00fcr das beste gemeinsame Interesse der Menschheit zu handeln sowie rechtliche Schritte gegen Verursacher internationaler Verbrechen einzuleiten. Angesichts der erheblichen Auswirkungen und der Neigung juristischer Personen, ein solches Verbrechen wie \u00d6kozid zu begehen, muss dieses als eine Straftat verschuldensunabh\u00e4ngiger Haftung verstanden werden. Dies bedeutet, dass Haftung nicht durch b\u00f6swillige Absicht, sondern vielmehr auch durch Kenntnis der Konsequenzen der Handlung einzelner Personen oder Rechtstr\u00e4ger begr\u00fcndet werden kann.<\/p>\n<h2 id=\"header6\">Warum wollen wir das R\u00f6mische Statut \u00e4ndern?<\/h2>\n<p><img loading=\"lazy\" decoding=\"async\" class=\"size-medium wp-image-6015 alignleft\" src=\"http:\/\/cop21.developmentsites.net\/endecocide\/wp-content\/uploads\/2016\/02\/e\u0301cocide-1024x878-300x257.jpeg\" alt=\"ecocide-1024x878\" width=\"300\" height=\"257\" srcset=\"https:\/\/www.endecocide.org\/wp-content\/uploads\/2016\/02\/e\u0301cocide-1024x878-300x257.jpeg 300w, https:\/\/www.endecocide.org\/wp-content\/uploads\/2016\/02\/e\u0301cocide-1024x878.jpeg 1024w\" sizes=\"auto, (max-width: 300px) 100vw, 300px\" \/><\/p>\n<p>Die Hauptidee ist einfach: Wir glauben, dass die Zerst\u00f6rung des irdischen \u00d6kosystems, auf welches sich die menschliche Bev\u00f6lkerung st\u00fctzt,\u00a0 einem Verbrechen gegen die Menschlichkeit gleichkommt. Daher muss \u00d6kozid als internationales Verbrechen Anerkennung erfahren; als eine Rechtsverletzung, f\u00fcr welche das Prinzip der Staatssouver\u00e4nit\u00e4t nicht in Anspruch genommen werden kann, um sich der Haftung zu entziehen und auch diejenigen in \u00fcbergeordneten Positionen zur Rechenschaft gezogen werden k\u00f6nnen. Denn Menschen konstituieren einen unabdingbaren Teil der Natur und ihr Handeln zieht Folgen f\u00fcr die nat\u00fcrliche Umwelt ebenso wie f\u00fcr die Menschheit selbst nach sich. Dabei beinhalten die Bedeutung der globalen Gemeing\u00fcter und der \u00d6kosysteme sowie die Pflicht der Menschheit, diese zu sch\u00fctzen, transgenerationale Rechte wie das Recht\u00a0 auf eine gesunde Umwelt. Somit w\u00fcrde die Anerkennung des \u00d6kozids im V\u00f6lkerrecht diese Rechte verankern und die Kontinuit\u00e4t des Lebens sowie der Menschheit gew\u00e4hrleisten. Ebendies ist die radikale Ver\u00e4nderung, die wir brauchen, und wir bauen eine globale Bewegung auf, um diese Realit\u00e4t werden zu lassen.<\/p>","protected":false},"excerpt":{"rendered":"<p>Gem\u00e4\u00df den bekannten planetaren Grenzen ist ein \u00d6kozid definiert als eine umfangreiche Sch\u00e4digung oder Zerst\u00f6rung mit signifikanten und andauernden \u00c4nderungen der globalen Gemeing\u00fcter oder der irdischen \u00d6kosysteme, auf welche alle Lebewesen im Allgemeinen sowie die Menschheit im Besonderen angewiesen sind bzw. ist. Somit schlie\u00dfen \u00d6kozids zwar alle gr\u00f6\u00dferen Umweltkatastrophen mit [&hellip;]<\/p>\n","protected":false},"author":1,"featured_media":6006,"parent":0,"menu_order":0,"comment_status":"closed","ping_status":"closed","template":"","meta":{"footnotes":""},"class_list":["post-53","page","type-page","status-publish","has-post-thumbnail","hentry"],"_links":{"self":[{"href":"https:\/\/www.endecocide.org\/de\/wp-json\/wp\/v2\/pages\/53","targetHints":{"allow":["GET"]}}],"collection":[{"href":"https:\/\/www.endecocide.org\/de\/wp-json\/wp\/v2\/pages"}],"about":[{"href":"https:\/\/www.endecocide.org\/de\/wp-json\/wp\/v2\/types\/page"}],"author":[{"embeddable":true,"href":"https:\/\/www.endecocide.org\/de\/wp-json\/wp\/v2\/users\/1"}],"replies":[{"embeddable":true,"href":"https:\/\/www.endecocide.org\/de\/wp-json\/wp\/v2\/comments?post=53"}],"version-history":[{"count":26,"href":"https:\/\/www.endecocide.org\/de\/wp-json\/wp\/v2\/pages\/53\/revisions"}],"predecessor-version":[{"id":7009,"href":"https:\/\/www.endecocide.org\/de\/wp-json\/wp\/v2\/pages\/53\/revisions\/7009"}],"wp:featuredmedia":[{"embeddable":true,"href":"https:\/\/www.endecocide.org\/de\/wp-json\/wp\/v2\/media\/6006"}],"wp:attachment":[{"href":"https:\/\/www.endecocide.org\/de\/wp-json\/wp\/v2\/media?parent=53"}],"curies":[{"name":"wp","href":"https:\/\/api.w.org\/{rel}","templated":true}]}}