{"id":5965,"date":"2016-12-11T08:20:21","date_gmt":"2016-12-11T08:20:21","guid":{"rendered":"http:\/\/cop21.developmentsites.net\/endecocide\/?page_id=5965"},"modified":"2019-02-03T19:56:04","modified_gmt":"2019-02-03T19:56:04","slug":"thankyou","status":"publish","type":"page","link":"https:\/\/www.endecocide.org\/de\/thankyou\/","title":{"rendered":"Danke, dass Du unseren Aufruf f\u00fcr internationale Gerechtigkeit f\u00fcr die Umwelt und Gesundheit unterst\u00fctzt hast um den \u00d6kozid zu beenden!"},"content":{"rendered":"<p><\/p>\n<p><img loading=\"lazy\" decoding=\"async\" class=\"alignleft size-full wp-image-437\" src=\"\/wp-content\/uploads\/2014\/09\/HandsTree.png\" alt=\"HandsTree\" width=\"469\" height=\"417\" \/><\/p>\n<p>Deine Emailadresse wurde erfolgreich eingetragen! <BR\/>Wir bitten Dich nun noch uns zu helfen diesen Aufruf f\u00fcr internationale Gerechtigkeit f\u00fcr unsere Erde in Deinem Netzwerk zu verbreiten:<\/p>\n<p>[addSocialShareButtonsOnSignPage lang=&#8220;de&#8220;]<\/p>\n<p>&nbsp;<\/p>\n<p>Zu guter Letzt m\u00f6chten wir dich noch fragen, ob du uns evtl. auch mit einer kleinen Spende unterst\u00fctzen kannst. Wir sind alle Freiwillige, die sich ehrenamtlich f\u00fcr ein Ende des \u00d6kozids einsetzen, aber f\u00fcr Material und Reisekosten ben\u00f6tigen wir dennoch etwas Geld. Die Spendenkn\u00f6pfe findest Du rechts \ud83d\ude09<\/p>\n<p>Keine Mail erhalten? Hast Du deinen Spamordner \u00fcberpr\u00fcft? Nochmal probieren? <BR\/>Einfach <A href=\"#\" onclick=\"history.go(-1); return false;\">zur\u00fcck zur vorigen Seite<\/A>. Dort kannst Du die Daten nochmal abschicken.<\/p>\n<p><\/p>","protected":false},"excerpt":{"rendered":"<p>Deine Emailadresse wurde erfolgreich eingetragen! Wir bitten Dich nun noch uns zu helfen diesen Aufruf f\u00fcr internationale Gerechtigkeit f\u00fcr unsere Erde in Deinem Netzwerk zu verbreiten: [addSocialShareButtonsOnSignPage lang=&#8220;de&#8220;] &nbsp; Zu guter Letzt m\u00f6chten wir dich noch fragen, ob du uns evtl. auch mit einer kleinen Spende unterst\u00fctzen kannst. Wir sind [&hellip;]<\/p>\n","protected":false},"author":1,"featured_media":4680,"parent":0,"menu_order":0,"comment_status":"open","ping_status":"closed","template":"","meta":{"footnotes":""},"class_list":["post-5965","page","type-page","status-publish","has-post-thumbnail","hentry"],"_links":{"self":[{"href":"https:\/\/www.endecocide.org\/de\/wp-json\/wp\/v2\/pages\/5965","targetHints":{"allow":["GET"]}}],"collection":[{"href":"https:\/\/www.endecocide.org\/de\/wp-json\/wp\/v2\/pages"}],"about":[{"href":"https:\/\/www.endecocide.org\/de\/wp-json\/wp\/v2\/types\/page"}],"author":[{"embeddable":true,"href":"https:\/\/www.endecocide.org\/de\/wp-json\/wp\/v2\/users\/1"}],"replies":[{"embeddable":true,"href":"https:\/\/www.endecocide.org\/de\/wp-json\/wp\/v2\/comments?post=5965"}],"version-history":[{"count":13,"href":"https:\/\/www.endecocide.org\/de\/wp-json\/wp\/v2\/pages\/5965\/revisions"}],"predecessor-version":[{"id":6950,"href":"https:\/\/www.endecocide.org\/de\/wp-json\/wp\/v2\/pages\/5965\/revisions\/6950"}],"wp:featuredmedia":[{"embeddable":true,"href":"https:\/\/www.endecocide.org\/de\/wp-json\/wp\/v2\/media\/4680"}],"wp:attachment":[{"href":"https:\/\/www.endecocide.org\/de\/wp-json\/wp\/v2\/media?parent=5965"}],"curies":[{"name":"wp","href":"https:\/\/api.w.org\/{rel}","templated":true}]}}