{"id":5965,"date":"2016-12-11T08:20:21","date_gmt":"2016-12-11T08:20:21","guid":{"rendered":"http:\/\/cop21.developmentsites.net\/endecocide\/?page_id=5965"},"modified":"2019-02-03T19:56:04","modified_gmt":"2019-02-03T19:56:04","slug":"thankyou","status":"publish","type":"page","link":"https:\/\/www.endecocide.org\/fr\/thankyou\/","title":{"rendered":"Merci de soutenir notre appel pour une justice internationale pour l&rsquo;Environnement et la Sant\u00e9, pour en finir avec l&rsquo;Ecocide sur Terre !"},"content":{"rendered":"<p><\/p>\n<p><img loading=\"lazy\" decoding=\"async\" class=\"alignleft size-full wp-image-437\" src=\"\/wp-content\/uploads\/2014\/09\/HandsTree.png\" alt=\"HandsTree\" width=\"469\" height=\"417\" \/><\/p>\n<p>Votre signature et votre adresse email ont \u00e9t\u00e9 enregistr\u00e9es avec succ\u00e8s.<br \/>\nVous pouvez maintenant nous aider \u00e0 diffuser cet appel pour une Justice Internationale pour la Terre dans votre r\u00e9seau.<\/p>\n<p>[addSocialShareButtonsOnSignPage lang=\u00a0\u00bbfr\u00a0\u00bb]<\/p>\n<p>&nbsp;<\/p>\n<p>Nous attirons votre attention sur le fait que nous sommes tous b\u00e9n\u00e9voles avec de tr\u00e8s humbles moyens. Si vous le souhaitez, vous pouvez nous aider \u00e0 financer nos documents de communication et nos frais de d\u00e9placement.<\/p>\n<p>Vous n&rsquo;avez pas re\u00e7u de email de confirmation ? Avez-vous v\u00e9rifier s&rsquo;il ne se trouvait pas dans vos spams? Souhaitez-vous recommencer ? Retournez <a href=\"#\" onclick=\"history.go(-1); return false;\">en arri\u00e8re<\/a> et soumettez \u00e0 nouveau le formulaire.<\/p>\n<p><\/p>","protected":false},"excerpt":{"rendered":"<p>Votre signature et votre adresse email ont \u00e9t\u00e9 enregistr\u00e9es avec succ\u00e8s. Vous pouvez maintenant nous aider \u00e0 diffuser cet appel pour une Justice Internationale pour la Terre dans votre r\u00e9seau. [addSocialShareButtonsOnSignPage lang=\u00a0\u00bbfr\u00a0\u00bb] &nbsp; Nous attirons votre attention sur le fait que nous sommes tous b\u00e9n\u00e9voles avec de tr\u00e8s humbles moyens. [&hellip;]<\/p>\n","protected":false},"author":1,"featured_media":4680,"parent":0,"menu_order":0,"comment_status":"open","ping_status":"closed","template":"","meta":{"footnotes":""},"class_list":["post-5965","page","type-page","status-publish","has-post-thumbnail","hentry"],"_links":{"self":[{"href":"https:\/\/www.endecocide.org\/fr\/wp-json\/wp\/v2\/pages\/5965","targetHints":{"allow":["GET"]}}],"collection":[{"href":"https:\/\/www.endecocide.org\/fr\/wp-json\/wp\/v2\/pages"}],"about":[{"href":"https:\/\/www.endecocide.org\/fr\/wp-json\/wp\/v2\/types\/page"}],"author":[{"embeddable":true,"href":"https:\/\/www.endecocide.org\/fr\/wp-json\/wp\/v2\/users\/1"}],"replies":[{"embeddable":true,"href":"https:\/\/www.endecocide.org\/fr\/wp-json\/wp\/v2\/comments?post=5965"}],"version-history":[{"count":13,"href":"https:\/\/www.endecocide.org\/fr\/wp-json\/wp\/v2\/pages\/5965\/revisions"}],"predecessor-version":[{"id":6950,"href":"https:\/\/www.endecocide.org\/fr\/wp-json\/wp\/v2\/pages\/5965\/revisions\/6950"}],"wp:featuredmedia":[{"embeddable":true,"href":"https:\/\/www.endecocide.org\/fr\/wp-json\/wp\/v2\/media\/4680"}],"wp:attachment":[{"href":"https:\/\/www.endecocide.org\/fr\/wp-json\/wp\/v2\/media?parent=5965"}],"curies":[{"name":"wp","href":"https:\/\/api.w.org\/{rel}","templated":true}]}}