{"id":7972,"date":"2022-02-08T21:50:34","date_gmt":"2022-02-08T21:50:34","guid":{"rendered":"https:\/\/developmentsites.net\/endecocide\/?page_id=7972"},"modified":"2022-03-17T21:40:21","modified_gmt":"2022-03-17T21:40:21","slug":"ecocide-mobilisation-europe","status":"publish","type":"page","link":"https:\/\/www.endecocide.org\/fr\/ecocide-mobilisation-europe\/","title":{"rendered":"European Mobilisation for the Recognition of Ecocide"},"content":{"rendered":"<p><span><strong><span dir=\"ltr\">From March 20th<\/span> to 25th<\/strong>, we call on the European institutions to<\/span><span> recognize ecocide in European law<\/span><span> in order to prosecute the most serious crimes against nature that are still not recognized.<\/span><\/p>\n<div dir=\"ltr\">\n<div dir=\"ltr\">\n<p dir=\"ltr\"><span>If you are from a non-EU country click <\/span><a href=\"https:\/\/www.stopecocide.earth\/ecocide-week-2022\"><span>HERE<\/span><\/a><span> (page to the international action week).<\/span><\/p>\n<p dir=\"ltr\"><img loading=\"lazy\" decoding=\"async\" src=\"https:\/\/developmentsites.net\/endecocide\/wp-content\/uploads\/2022\/02\/IMG_3135.png\" alt=\"\" width=\"640\" height=\"360\" class=\"alignnone size-full wp-image-8040\" \/><\/p>\n<p dir=\"ltr\"><strong>Why now?<\/strong><\/p>\n<p dir=\"ltr\"><span>Last December, the European Commission <\/span><a href=\"https:\/\/ec.europa.eu\/transparency\/documents-register\/detail?ref=COM(2021)851&amp;lang=en&amp;fbclid=IwAR2grt4aIGcJ5GciqFne3JgnFFBifavEEAbgKLliLQGs2oiVTyOg7LNRST8\" target=\"_blank\" data-saferedirecturl=\"https:\/\/www.google.com\/url?q=https:\/\/ec.europa.eu\/transparency\/documents-register\/detail?ref%3DCOM(2021)851%26lang%3Den%26fbclid%3DIwAR2grt4aIGcJ5GciqFne3JgnFFBifavEEAbgKLliLQGs2oiVTyOg7LNRST8&amp;source=gmail&amp;ust=1645285017385000&amp;usg=AOvVaw0w7BFi22GRjRUbCXWsEp32\" rel=\"noopener\"><span>published a proposal<\/span><\/a><span> for the revision of the Environmental Crime Directive. This proposal is a good step towards <\/span><a href=\"https:\/\/www.brusselstimes.com\/eu-affairs\/198013\/european-commission-steps-up-the-fight-against-environmental-crimes-in-the-eu\" target=\"_blank\" data-saferedirecturl=\"https:\/\/www.google.com\/url?q=https:\/\/www.brusselstimes.com\/eu-affairs\/198013\/european-commission-steps-up-the-fight-against-environmental-crimes-in-the-eu&amp;source=gmail&amp;ust=1645285017385000&amp;usg=AOvVaw2gvZZYaIAn4e7FXq7WD8B2\" rel=\"noopener\"><span>protecting the environment through criminal law<\/span><\/a><span>, but it still does not recognise, define and therefore condemn the most serious environmental crimes: <\/span><a href=\"https:\/\/stopecocide.earth\/what-is-ecocide\" target=\"_blank\" data-saferedirecturl=\"https:\/\/www.google.com\/url?q=https:\/\/stopecocide.earth\/what-is-ecocide&amp;source=gmail&amp;ust=1645285017385000&amp;usg=AOvVaw3eqkYFv96OpGRC5PwBNDhH\" rel=\"noopener\"><span>ecocide<\/span><\/a><span>. As the European Union is now revising it, this is a unique opportunity to demand the recognition of ecocide in European law, and to expose the corporate impunity and lack of responsibility (political, financial and moral) currently existing around mass destruction to nature.<\/span><\/p>\n<p dir=\"ltr\"><strong>Join us!<\/strong><\/p>\n<p dir=\"ltr\"><span>Together, we want to show that <\/span><strong>the recognition of ecocide is an increasingly popular and necessary demand to protect the future of life on Earth. <\/strong><span>Join the mobilisation and let&rsquo;s put pressure on the European Union to recognize ecocide in European law! <\/span><span><\/span><\/p>\n<p dir=\"ltr\"><strong>EUROPEAN DAY OF ACTION &#8211; <span dir=\"ltr\">Sunday 20th of March<br \/>\n<\/span><\/strong><\/p>\n<p dir=\"ltr\"><img loading=\"lazy\" decoding=\"async\" src=\"https:\/\/developmentsites.net\/endecocide\/wp-content\/uploads\/2022\/02\/IMG_3127.png\" alt=\"\" width=\"640\" height=\"360\" class=\"alignnone size-full wp-image-8016\" \/><\/p>\n<p><em>For more info, visit our Facebook event:<\/em> <a href=\"https:\/\/fb.me\/e\/1czLHrfxc\">https:\/\/fb.me\/e\/1czLHrfxc<\/a><\/p>\n<blockquote type=\"cite\">\n<div dir=\"ltr\">\n<p dir=\"ltr\" id=\"m_3448357875553156253docs-internal-guid-88e844ea-7fff-e55f-5793-4cdf4d900198\"><span><img decoding=\"async\" data-emoji=\"\ud83c\udde7\ud83c\uddea\" class=\"an1\" alt=\"\ud83c\udde7\ud83c\uddea\" aria-label=\"\ud83c\udde7\ud83c\uddea\" src=\"https:\/\/fonts.gstatic.com\/s\/e\/notoemoji\/14.0\/1f1e7_1f1ea\/32.png\" loading=\"lazy\" \/>\u00a0BELGIUM &#8211; March in Brussels: <\/span><span>12H30, start in Place du Luxembourg<\/span><span>. More info: <\/span><a href=\"https:\/\/fb.me\/e\/57Uk3lIC8\" target=\"_blank\" data-saferedirecturl=\"https:\/\/www.google.com\/url?q=https:\/\/fb.me\/e\/57Uk3lIC8&amp;source=gmail&amp;ust=1646415026569000&amp;usg=AOvVaw37Vuz2Ucg5R7nqaVws7Q4p\" rel=\"noopener\"><span>https:\/\/fb.me\/e\/57Uk3lIC8<\/span><span><br \/>\n<\/span><span><br \/>\n<\/span><\/a><span><img decoding=\"async\" data-emoji=\"\ud83c\uddf3\ud83c\uddf1\" class=\"an1\" alt=\"\ud83c\uddf3\ud83c\uddf1\" aria-label=\"\ud83c\uddf3\ud83c\uddf1\" src=\"https:\/\/fonts.gstatic.com\/s\/e\/notoemoji\/14.0\/1f1f3_1f1f1\/32.png\" loading=\"lazy\" \/>NETHERLANDS &#8211; In-person event in Amsterdam \u2018Stop Ecocide One on One\u2019, 13H30 &#8211; 17H, in <\/span><a href=\"https:\/\/poesiatenkater.nl\/locatie\/\" target=\"_blank\" data-saferedirecturl=\"https:\/\/www.google.com\/url?q=https:\/\/poesiatenkater.nl\/locatie\/&amp;source=gmail&amp;ust=1646415026569000&amp;usg=AOvVaw17z5YtfLaDmXnN0dWdMKfO\" rel=\"noopener\"><span>Poesie &amp; Kater<\/span><\/a><span> (<\/span><span>Polderweg 648<\/span><span>)<\/span><\/p>\n<p dir=\"ltr\"><span><img decoding=\"async\" data-emoji=\"\ud83c\uddeb\ud83c\uddf7\" class=\"an1\" alt=\"\ud83c\uddeb\ud83c\uddf7\" aria-label=\"\ud83c\uddeb\ud83c\uddf7\" src=\"https:\/\/fonts.gstatic.com\/s\/e\/notoemoji\/14.0\/1f1eb_1f1f7\/32.png\" loading=\"lazy\" \/>\u00a0FRANCE &#8211; Conference in Paris, 15H in <\/span><a href=\"https:\/\/labase.paris\/\" target=\"_blank\" data-saferedirecturl=\"https:\/\/www.google.com\/url?q=https:\/\/labase.paris\/&amp;source=gmail&amp;ust=1646415026569000&amp;usg=AOvVaw0mlBe7a5lo_ILt7I2EC237\" rel=\"noopener\"><span>La Base<\/span><\/a><span> (31 rue Bichat). Bring your placards and banners for a group photo on Place de la R\u00e9publique afterwards.<\/span><\/p>\n<p dir=\"ltr\"><span><img decoding=\"async\" data-emoji=\"\ud83c\uddea\ud83c\uddf8\" class=\"an1\" alt=\"\ud83c\uddea\ud83c\uddf8\" aria-label=\"\ud83c\uddea\ud83c\uddf8\" src=\"https:\/\/fonts.gstatic.com\/s\/e\/notoemoji\/14.0\/1f1ea_1f1f8\/32.png\" loading=\"lazy\" \/>\u00a0SPAIN &#8211; Sit-in in Madrid, 18H, in front of the Representation of the European Commission (Plaza de la Castellana, 46). Bring your placards and banners: <a href=\"https:\/\/fb.me\/e\/n4w2c9Rt6\">https:\/\/fb.me\/e\/n4w2c9Rt6<\/a><\/span><\/p>\n<p dir=\"ltr\"><img decoding=\"async\" data-emoji=\"\ud83c\udde9\ud83c\uddea\" class=\"an1\" alt=\"\ud83c\udde9\ud83c\uddea\" aria-label=\"\ud83c\udde9\ud83c\uddea\" src=\"https:\/\/fonts.gstatic.com\/s\/e\/notoemoji\/14.0\/1f1e9_1f1ea\/32.png\" loading=\"lazy\" \/><span>\u00a0Germany &#8211; in BREMEN: Vigil with info stall, 11H &#8211; 16H on Marktplatz vor der B\u00fcrgerschaft. Organised by Stop Ecocide Deutschland.<\/span><\/p>\n<p><span>*MONDAY MARCH 21st*<\/span><br \/>\n<img decoding=\"async\" data-emoji=\"\ud83c\uddee\ud83c\uddf8\" class=\"an1\" alt=\"\ud83c\uddee\ud83c\uddf8\" aria-label=\"\ud83c\uddee\ud83c\uddf8\" src=\"https:\/\/fonts.gstatic.com\/s\/e\/notoemoji\/14.0\/1f1ee_1f1f8\/32.png\" loading=\"lazy\" \/><span>\u00a0Iceland- in REYKJAVIK: Conference 12H &#8211; 13H30 in the museum Kjarvalssta\u00f0ir. Organised by the \u00deingflokkur P\u00edrata (Pirate Party) featuring a parliamentarian, a natural scientist, an international jurist and a leader of an environmental NGO.\u00a0<\/span><a href=\"https:\/\/fb.me\/e\/23a7zquF9\" rel=\"noopener noreferrer\" target=\"_blank\" data-saferedirecturl=\"https:\/\/www.google.com\/url?q=https:\/\/fb.me\/e\/23a7zquF9&amp;source=gmail&amp;ust=1647375038770000&amp;usg=AOvVaw3631X45rP1ZWRl3QGe6dXM\">https:\/\/fb.me\/e\/23a7zquF9<\/a><\/p>\n<p><span>*FRIDAY MARCH 25th*<\/span><\/p>\n<p><img decoding=\"async\" data-emoji=\"\ud83c\udde9\ud83c\uddea\" class=\"an1\" alt=\"\ud83c\udde9\ud83c\uddea\" aria-label=\"\ud83c\udde9\ud83c\uddea\" src=\"https:\/\/fonts.gstatic.com\/s\/e\/notoemoji\/14.0\/1f1e9_1f1ea\/32.png\" loading=\"lazy\" \/><span>\u00a0Germany &#8211; in BERLIN: Demonstration 11H, Robert-Koch-Platz, as part of the global climate strike of Fridays for Future \u2018Globaler Klimastreik in Berlin &#8211; Stop Ecocide Deutschland geht auf die Stra\u00dfe!\u2019 Bring your placards and banners.\u00a0<\/span><a href=\"https:\/\/fb.me\/e\/2eby5Pyeq\" rel=\"noopener noreferrer\" target=\"_blank\" data-saferedirecturl=\"https:\/\/www.google.com\/url?q=https:\/\/fb.me\/e\/2eby5Pyeq&amp;source=gmail&amp;ust=1647375038770000&amp;usg=AOvVaw2nbIqi9T_cLF-sscIR_ndY\">https:\/\/fb.me\/e\/2eby5Pyeq<\/a><\/p>\n<p><img decoding=\"async\" data-emoji=\"\ud83c\uddee\ud83c\uddf9\" class=\"an1\" alt=\"\ud83c\uddee\ud83c\uddf9\" aria-label=\"\ud83c\uddee\ud83c\uddf9\" src=\"https:\/\/fonts.gstatic.com\/s\/e\/notoemoji\/14.0\/1f1ee_1f1f9\/32.png\" loading=\"lazy\" \/><span>\u00a0Italy &#8211; in ROME: Sit-in 15H, by Piazza Venezia (Church of San Marco), followed by an event hosted by Volt Europa on the 65th anniversary of the Treaty of Rome. Organised by Stop Ecocidio Italia. Bring your placards and banners!<\/span><\/p>\n<\/div>\n<\/blockquote>\n<p dir=\"ltr\"><strong>We encourage everyone to organise actions in their areas (see <em><a href=\"http:\/\/tiny.cc\/EU_ecocide_mobilisation\" target=\"_blank\" data-saferedirecturl=\"https:\/\/www.google.com\/url?q=https:\/\/bit.ly\/3HOE84y&amp;source=gmail&amp;ust=1645285017385000&amp;usg=AOvVaw2FV_J7_LK9U24pZAAsBhST\" rel=\"noopener\">mobilisation toolkit<\/a>.)<\/em><\/strong><span><br \/>\n<\/span><span><br \/>\n<\/span><strong>GLOBAL WEEK OF ACTION &#8211; <span dir=\"ltr\">Monday 21st to Friday 25th<\/span> of March<\/strong><\/p>\n<p dir=\"ltr\"><span>We invite you to connect the theme of ecocide with international days and other key topics that are part of the wider climate justice movement (see below). These can be digital actions or physical actions, and the goal is to <\/span><span>mobilise people in your country around the recognition of ecocide<\/span><span>, and the protection of our precious ecosystems and communities.<\/span><span><\/span><\/p>\n<p dir=\"ltr\"><span><span dir=\"ltr\">MARCH 21st <\/span><\/span><span>ECOCIDE &amp; FORESTS \/ INTERNATIONAL DAY OF FORESTS\u00a0<\/span><\/p>\n<p dir=\"ltr\"><span><span dir=\"ltr\">MARCH 22nd <\/span><\/span><span>ECOCIDE &amp; WATER \/ WORLD WATER DAY<\/span><\/p>\n<p dir=\"ltr\"><span><span dir=\"ltr\">MARCH 23rd <\/span><\/span><span>ECOCIDE &amp; ENVIRONMENTAL DEFENDERS<\/span><\/p>\n<p dir=\"ltr\"><span><span dir=\"ltr\">MARCH 24th <\/span><\/span><span>SYMBOLIC ACTION IN FRONT OF THE EUROPEAN COUNCIL (BRUSSELS)<\/span><\/p>\n<p dir=\"ltr\"><span><span dir=\"ltr\">MARCH 25th <\/span><\/span><span>FRIDAYS FOR FUTURE GLOBAL STRIKE \/ ECOCIDE &amp; EXTRACTIVE INDUSTRIES<\/span><\/p>\n<p><strong>FIVE WAYS TO GET INVOLVED<\/strong><\/p>\n<p><strong><br \/>\n<\/strong><span><\/span><span>1. <\/span><span>Support the mobilisation by hosting public events <\/span><span>(online or in the streets). Visit our mobilisation toolkit: <\/span><a href=\"https:\/\/bit.ly\/3HOE84y\" target=\"_blank\" data-saferedirecturl=\"https:\/\/www.google.com\/url?q=https:\/\/bit.ly\/3HOE84y&amp;source=gmail&amp;ust=1645285017385000&amp;usg=AOvVaw2FV_J7_LK9U24pZAAsBhST\" rel=\"noopener\"><span>https:\/\/bit.ly\/3HOE84y<\/span><\/a><\/p>\n<p dir=\"ltr\"><span>2. Join the Telegram channel: <a href=\"https:\/\/t.me\/+NZseO63h2hViYTRk\">https:\/\/t.me\/+NZseO63h2hViYTRk<\/a><\/span><\/p>\n<p dir=\"ltr\"><span>3. Share the Facebook event: <\/span><a href=\"https:\/\/fb.me\/e\/18yZOuF1o\" target=\"_blank\" data-saferedirecturl=\"https:\/\/www.google.com\/url?q=https:\/\/fb.me\/e\/18yZOuF1o&amp;source=gmail&amp;ust=1645285017385000&amp;usg=AOvVaw3xnY6Tp-DLiuLHITIhM68v\" rel=\"noopener\"><span>https:\/\/fb.me\/e\/18yZOuF1o<\/span><span><br \/>\n<\/span><span><\/span><\/a><\/p>\n<p dir=\"ltr\"><span>4. Post about the mobilisation on social media.<\/span><span> Graphics can be found <\/span><a href=\"https:\/\/drive.google.com\/drive\/folders\/1ZSTbZ6X0oEM7e6UrHsKbD8NQ2uMglEWO?usp=sharing\" target=\"_blank\" data-saferedirecturl=\"https:\/\/www.google.com\/url?q=https:\/\/drive.google.com\/drive\/folders\/1ZSTbZ6X0oEM7e6UrHsKbD8NQ2uMglEWO?usp%3Dsharing&amp;source=gmail&amp;ust=1645285017385000&amp;usg=AOvVaw0pr6cixBkT4kW-5FY1vj8W\" rel=\"noopener\"><span>here<\/span><\/a><span>.<\/span><span><br \/>\n<\/span><em>For text in other languages, please visit the <a href=\"http:\/\/tiny.cc\/EU_ecocide_mobilisation\" target=\"_blank\" data-saferedirecturl=\"https:\/\/www.google.com\/url?q=https:\/\/bit.ly\/3HOE84y&amp;source=gmail&amp;ust=1645285017385000&amp;usg=AOvVaw2FV_J7_LK9U24pZAAsBhST\" rel=\"noopener\">mobilisation toolkit<\/a>.<\/em><span><br \/>\n<\/span><span><br \/>\n<\/span><strong>Suggested post for social media:<\/strong><span><br \/>\n<\/span><span><br \/>\n<\/span><span><span dir=\"ltr\">On 20th March 2022<\/span>, let&rsquo;s join forces to ask the European Union to #StopEcocideEverywhere<\/span><span>. For climate, nature and humanity, we must put an end to these crimes that destroy the planet. Join the mobilisation in Brussels and everywhere in Europe! <\/span><span><br \/>\n<\/span><span><img decoding=\"async\" data-emoji=\"\ud83d\udc49\" class=\"an1\" alt=\"\ud83d\udc49\" aria-label=\"\ud83d\udc49\" src=\"https:\/\/fonts.gstatic.com\/s\/e\/notoemoji\/14.0\/1f449\/32.png\" loading=\"lazy\" \/> <\/span><a href=\"https:\/\/fb.me\/e\/1czLHrfxc\" target=\"_blank\" data-saferedirecturl=\"https:\/\/www.google.com\/url?q=https:\/\/fb.me\/e\/1czLHrfxc&amp;source=gmail&amp;ust=1645285017385000&amp;usg=AOvVaw2zLhSFzKSWy3ZXhGQx8SlB\" rel=\"noopener\"><span>https:\/\/fb.me\/e\/1czLHrfxc<\/span><\/a><span> \u00a0<\/span><\/p>\n<p dir=\"ltr\"><span><\/span><span><br \/>\n<\/span><strong>5. Join the digital campaign to raise awareness on ecocide:<\/strong><span><br \/>\n<\/span><span><br \/>\n<\/span><span>Take a picture with a sign <\/span><strong>#StopEcocideEverywhere<\/strong><span> and share your story about the protection of your forest, river and community &#8211; or an ecosystem you know is under threat from ecocide\u2026 and invite people to join the mobilisation!<\/span><\/p>\n<p dir=\"ltr\"><span><img loading=\"lazy\" decoding=\"async\" src=\"https:\/\/developmentsites.net\/endecocide\/wp-content\/uploads\/2022\/02\/IMG_20220224_172029.jpg\" alt=\"\" width=\"418\" height=\"314\" class=\"alignnone wp-image-8089\" \/><\/span><\/p>\n<p dir=\"ltr\"><em>Stroud, United Kingdom<\/em><\/p>\n<p><strong>FURTHER RESOURCES:<\/strong><span style=\"font-weight: 400;\"><br \/>\n<\/span><\/p>\n<p><b>WATCH<\/b><\/p>\n<ul>\n<li><a href=\"https:\/\/www.facebook.com\/watch\/live\/?ref=watch_permalink&amp;v=475638337504992\"><b>Webinar on the recognition of ecocide in the European Environmental Crime Directive<\/b><\/a><span style=\"font-weight: 400;\">,<\/span><span style=\"font-weight: 400;\"><br \/>\n<\/span><span style=\"font-weight: 400;\">with Jojo Mehta (<\/span><span style=\"font-weight: 400;\">Co-Founder &amp; Executive Director, Stop Ecocide International<\/span><span style=\"font-weight: 400;\">), Harriet Mackaill-Hill (<\/span><span style=\"font-weight: 400;\">EU Climate Governance and Human Rights Policy Coordinator, Climate Action Network Europe<\/span><span style=\"font-weight: 400;\">) and Marie Toussaint (<\/span><span style=\"font-weight: 400;\">French environmental activist, jurist in international environmental law, co-founder of the association Notre Affaire \u00e0 Tous, elected MEP for the Greens\/EFA, and founder of the International Parliamentary Alliance for the recognition of ecocide<\/span><span style=\"font-weight: 400;\">).<\/span><\/li>\n<li><span style=\"font-weight: 400;\"><\/span><a href=\"https:\/\/youtu.be\/fDa91m5-sXc\"><span style=\"font-weight: 400;\">Criminalizing Ecocide<\/span><\/a><span style=\"font-weight: 400;\"> &#8211; Video by Grounded (<\/span><a href=\"https:\/\/www.youtube.com\/watch?v=tBgj4SJ_GQ8\"><span style=\"font-weight: 400;\">trailer here<\/span><\/a><span style=\"font-weight: 400;\">)<\/span><\/li>\n<\/ul>\n<p><b>READ:<\/b><\/p>\n<ul>\n<li><span style=\"font-weight: 400;\">Changing the ground rules to protect what we love: the Earth &#8211; on <\/span><a href=\"https:\/\/blog.ecosia.org\/ecocide-legislation\/\"><span style=\"font-weight: 400;\">Ecosia blog<\/span><span style=\"font-weight: 400;\"><br \/>\n<\/span><\/a><span style=\"font-weight: 400;\"><\/span><\/li>\n<li><span style=\"font-weight: 400;\">Why ecocide should be an international crime? By Seema Joshi, Director of Campaigns, <\/span><a href=\"https:\/\/www.globalwitness.org\/en\/blog\/why-ecocide-should-be-international-crime\/\"><span style=\"font-weight: 400;\">Global Witness<\/span><span style=\"font-weight: 400;\"><br \/>\n<\/span><span style=\"font-weight: 400;\"><br \/>\n<\/span><\/a><b>VISIT:<\/b><\/li>\n<li style=\"font-weight: 400;\" aria-level=\"1\"><a href=\"https:\/\/www.stopecocide.earth\/\"><span style=\"font-weight: 400;\">Stop Ecocide International website<\/span><\/a><\/li>\n<li style=\"font-weight: 400;\" aria-level=\"1\"><span style=\"font-weight: 400;\">The <\/span><a href=\"https:\/\/www.stopecocide.earth\/legal-definition\"><span style=\"font-weight: 400;\">legal definition of ecocide<\/span><\/a><span style=\"font-weight: 400;\">, drafted by an independent expert panel<\/span><\/li>\n<li style=\"font-weight: 400;\" aria-level=\"1\"><span style=\"font-weight: 400;\">The <\/span><a href=\"https:\/\/www.marietoussaint.eu\/lettre-commission-_cocide\"><span style=\"font-weight: 400;\">letter<\/span><\/a><span style=\"font-weight: 400;\"> from 54 NGOs and 32 Member of the European Parliament asking the European Commission to recognize all environmental crime and the crime of ecocide<\/span><\/li>\n<\/ul>\n<p dir=\"ltr\"><span><\/span><strong>CONTACT:\u00a0<\/strong><\/p>\n<\/div>\n<p dir=\"ltr\"><a href=\"info@endecocide.eu\">info@endecocide.eu<\/a><\/p>\n<p dir=\"ltr\"><img loading=\"lazy\" decoding=\"async\" src=\"https:\/\/developmentsites.net\/endecocide\/wp-content\/uploads\/2020\/06\/SE_logo_simple.png\" alt=\"www.stopecocide.earth\" width=\"215\" height=\"120\" class=\"alignnone wp-image-7281\" \/>\u00a0 \u00a0<img loading=\"lazy\" decoding=\"async\" src=\"https:\/\/developmentsites.net\/endecocide\/wp-content\/uploads\/2022\/02\/IMG_3137.jpg\" alt=\"\" width=\"168\" height=\"168\" class=\"alignnone wp-image-8048\" \/>\u00a0 \u00a0\u00a0 <img loading=\"lazy\" decoding=\"async\" src=\"https:\/\/developmentsites.net\/endecocide\/wp-content\/uploads\/2022\/02\/IMG_3136.jpg\" alt=\"\" width=\"169\" height=\"168\" class=\"alignnone wp-image-8047\" \/><\/p>\n<\/div>\n<p><\/p>","protected":false},"excerpt":{"rendered":"<p>From March 20th to 25th, we call on the European institutions to recognize ecocide in European law in order to prosecute the most serious crimes against nature that are still not recognized. If you are from a non-EU country click HERE (page to the international action week). Why now? Last [&hellip;]<\/p>\n","protected":false},"author":35,"featured_media":0,"parent":0,"menu_order":0,"comment_status":"closed","ping_status":"closed","template":"","meta":{"footnotes":""},"class_list":["post-7972","page","type-page","status-publish","hentry"],"_links":{"self":[{"href":"https:\/\/www.endecocide.org\/fr\/wp-json\/wp\/v2\/pages\/7972","targetHints":{"allow":["GET"]}}],"collection":[{"href":"https:\/\/www.endecocide.org\/fr\/wp-json\/wp\/v2\/pages"}],"about":[{"href":"https:\/\/www.endecocide.org\/fr\/wp-json\/wp\/v2\/types\/page"}],"author":[{"embeddable":true,"href":"https:\/\/www.endecocide.org\/fr\/wp-json\/wp\/v2\/users\/35"}],"replies":[{"embeddable":true,"href":"https:\/\/www.endecocide.org\/fr\/wp-json\/wp\/v2\/comments?post=7972"}],"version-history":[{"count":90,"href":"https:\/\/www.endecocide.org\/fr\/wp-json\/wp\/v2\/pages\/7972\/revisions"}],"predecessor-version":[{"id":8233,"href":"https:\/\/www.endecocide.org\/fr\/wp-json\/wp\/v2\/pages\/7972\/revisions\/8233"}],"wp:attachment":[{"href":"https:\/\/www.endecocide.org\/fr\/wp-json\/wp\/v2\/media?parent=7972"}],"curies":[{"name":"wp","href":"https:\/\/api.w.org\/{rel}","templated":true}]}}