{"id":8544,"date":"2022-10-23T09:36:32","date_gmt":"2022-10-23T09:36:32","guid":{"rendered":"https:\/\/developmentsites.net\/endecocide\/?page_id=8544"},"modified":"2022-11-02T22:23:13","modified_gmt":"2022-11-02T22:23:13","slug":"end-ecocide-turkiye-conference-3rd-4th-november-22","status":"publish","type":"page","link":"https:\/\/www.endecocide.org\/fr\/end-ecocide-turkiye-conference-3rd-4th-november-22\/","title":{"rendered":"End Ecocide T\u00fcrkiye Conference 3rd &#8211; 4th November 22"},"content":{"rendered":"<p><img loading=\"lazy\" decoding=\"async\" src=\"https:\/\/developmentsites.net\/endecocide\/wp-content\/uploads\/2022\/10\/Turkiyeconference.png\" alt=\"\" width=\"329\" height=\"328\" class=\"alignnone wp-image-8547\" \/><\/p>\n<p>1st INTERNATIONAL CONFERENCE ON ECOCIDE \u2022 3-4 November 2022<\/p>\n<p><span>Watch it live!<\/span><\/p>\n<p><span>03.11.2022 10:00<\/span><br \/>\n<a href=\"https:\/\/youtu.be\/lKsN-IIb0vk\" rel=\"noopener noreferrer\" target=\"_blank\" data-saferedirecturl=\"https:\/\/www.google.com\/url?q=https:\/\/youtu.be\/lKsN-IIb0vk&amp;source=gmail&amp;ust=1667514051348000&amp;usg=AOvVaw2AmqwdMpPLjxJPFAE7zAyX\">https:\/\/youtu.be\/lKsN-IIb0vk<\/a><\/p>\n<p><span>04.11.2022 10:00<\/span><br \/>\n<a href=\"https:\/\/youtu.be\/MTTcLZgUaCs\" rel=\"noopener noreferrer\" target=\"_blank\" data-saferedirecturl=\"https:\/\/www.google.com\/url?q=https:\/\/youtu.be\/MTTcLZgUaCs&amp;source=gmail&amp;ust=1667514051348000&amp;usg=AOvVaw2naQm2pU9ZrQ4nRlHnDfD0\">https:\/\/youtu.be\/MTTcLZgUaCs<\/a><\/p>\n<p>We are organizing an international conference on ecocide which will be held for the<br \/>\nfirst time in T\u00fcrkiye, at the Gazhane Museum in Istanbul on 3-4 November 2022, in<br \/>\ncooperation with the Climate Justice Coalition \u2013 Ecocide Working Group, UCTEA<br \/>\nChamber of Environmental Engineers and EndEcocide T\u00fcrkiye.<\/p>\n<p>Our aim is to discuss the recognition of ecocide as a crime in Turkish domestic law,<br \/>\nto review current lawsuits and nature advocacy activities, and the scope and targets<br \/>\nof struggles that have already begun, thus building bridges between the climate<br \/>\njustice and ecocide movements in the world and in T\u00fcrkiye.<\/p>\n<p>During the conference, we hope that the participants will<br \/>\n\u00b7 be inspired by each other to find solutions,<br \/>\n\u00b7 share their knowledge,<br \/>\n\u00b7 evaluate methods of struggle and develop new ones,<br \/>\n\u00b7 implement concrete steps decided on at the end of the conference.<\/p>\n<p>We aim to help participants to establish new national\/international cooperation<br \/>\nnetworks that will foster change.<\/p>\n<p>In the 1st International Conference on Ecocide, we are determined to create strong<br \/>\nsolidarity and engender collective thinking by achieving individual and institutional<br \/>\nparticipation from all segments of society, together with defenders of nature and of<br \/>\nlife who are fighting on the frontline throughout the world and in T\u00fcrkiye.<\/p>\n<p>The conference will be streamed live on the YouTube channels of the Climate<br \/>\nJustice Coalition and of the Chamber of Environmental Engineers. Simultaneous<br \/>\ntranslations will be available so that the conference can be followed live around the<br \/>\nworld. Media outlets and social media channels are and will be invited to observe.<br \/>\nIndividuals of all ages, students, academics, activists, non-governmental<br \/>\norganizations, professional associations, artists, members of parliament, groups<br \/>\nfrom political parties, are invited to our conferences without any exclusion.<br \/>\nWe think that we should accelerate international cooperation on the subject of<br \/>\necocide and ecocide law. We aim to address our common concerns and produce<br \/>\nsolutions. We will be honoured to see you and\/or your institution join us for an<br \/>\nintersectional experience that we hope will yield fruitful results.<\/p>\n<p><strong>1st International Conference on Ecocide | Istanbul \u2022 3-4 November 2022<\/strong><\/p>\n<p><strong>November 3, 2022<\/strong><\/p>\n<p>10:00 &#8211; 10:15 Welcome speech<br \/>\n\u0130lksen Din\u00e7er Ba\u015f \u2013 EndEcocide T\u00fcrkiye<br \/>\nAhmet Kahraman \u2013 Chair of UCTEA (Chamber of Environmental<br \/>\nEngineers)<\/p>\n<p>10:15 &#8211; 11:15 The legal definition of ecocide, global developments and next steps<br \/>\nJojo Mehta \u2013 Chair of StopEcocide Foundation | Convenor of the<br \/>\nExpert Panel for the Legal Definition of Ecocide<\/p>\n<p>11:15 &#8211; 11:30 Tea-Coffee Break<br \/>\n11:30 &#8211; 12:30 Case Study: The granting of legal personhood to El Mar Menor<\/p>\n<p>Saltwater Lagoon by the Spanish Parliament<br \/>\nRodrigo Lled\u00f3 \u2013 Lawyer | Panelist for Legal Definition<br \/>\nMaite Momp\u00f3 \u2013 StopEcocide Spain<\/p>\n<p>12:30 &#8211; 13:30 Lunch<\/p>\n<p>13:30 &#8211; 14:30 The recognition of the crime of ecocide in Belgium: How our country could make environmental protection history ?<br \/>\nPatricia Willocq \u2013 StopEcocide Belgium<\/p>\n<p>14:30 &#8211; 14:45 Tea-Coffee Break<\/p>\n<p>14:45 &#8211; 15:45 Environmental activism in T\u00fcrkiye for Climate Justice and the<br \/>\nRight to Live in a Healthy Environment: Studies on Ecocide &#8211; the<br \/>\nlink between ecocide and crimes against humanity<br \/>\n\u0130smail Hakk\u0131 Atal \u2013 Lawyer &amp; Arif Ali Cangi \u2013 Lawyer<\/p>\n<p>15:45 &#8211; 16:00 Tea-Coffee Break<\/p>\n<p>16:00 &#8211; 17:00 Online International Forum on \u201cSolidarity and Cooperation\u201d<br \/>\nEndEcocide and StopEcocide Team, participants from T\u00fcrkiye in<br \/>\nthe offline conference at Gazhane Museum<\/p>\n<p>1st International Conference on Ecocide | Istanbul \u2022 3-4 November 2022<\/p>\n<p><strong>November 4, 2022<\/strong><\/p>\n<p>10:00 &#8211; 12:30 Presentations on nature advocacy of Major NGO movements in T\u00fcrkiye and current court cases.<\/p>\n<p>12:30 &#8211; 13:30 Lunch<br \/>\n13:30 &#8211; 17:00 Meeting of lawyers and environmental activists: How can ecocide could be incorporated into the Penal Code?<br \/>\nModerator: H\u00fclya Y\u0131ld\u0131r\u0131m \u2013 Lawyer UCTEA (Chamber of<br \/>\nEnvironmental Engineers)<\/p>\n<p>17:00 &#8211; 17:30 A Statement Paper to be signed by participants, including a call<br \/>\nfor signing the petition for the recognition of ecocide in the<br \/>\nEuropean Crime Directive<\/p>\n<p>18:00 Closing<\/p>","protected":false},"excerpt":{"rendered":"<p>1st INTERNATIONAL CONFERENCE ON ECOCIDE \u2022 3-4 November 2022 Watch it live! 03.11.2022 10:00 https:\/\/youtu.be\/lKsN-IIb0vk 04.11.2022 10:00 https:\/\/youtu.be\/MTTcLZgUaCs We are organizing an international conference on ecocide which will be held for the first time in T\u00fcrkiye, at the Gazhane Museum in Istanbul on 3-4 November 2022, in cooperation with the [&hellip;]<\/p>\n","protected":false},"author":35,"featured_media":0,"parent":0,"menu_order":0,"comment_status":"closed","ping_status":"closed","template":"","meta":{"footnotes":""},"class_list":["post-8544","page","type-page","status-publish","hentry"],"_links":{"self":[{"href":"https:\/\/www.endecocide.org\/fr\/wp-json\/wp\/v2\/pages\/8544","targetHints":{"allow":["GET"]}}],"collection":[{"href":"https:\/\/www.endecocide.org\/fr\/wp-json\/wp\/v2\/pages"}],"about":[{"href":"https:\/\/www.endecocide.org\/fr\/wp-json\/wp\/v2\/types\/page"}],"author":[{"embeddable":true,"href":"https:\/\/www.endecocide.org\/fr\/wp-json\/wp\/v2\/users\/35"}],"replies":[{"embeddable":true,"href":"https:\/\/www.endecocide.org\/fr\/wp-json\/wp\/v2\/comments?post=8544"}],"version-history":[{"count":11,"href":"https:\/\/www.endecocide.org\/fr\/wp-json\/wp\/v2\/pages\/8544\/revisions"}],"predecessor-version":[{"id":8592,"href":"https:\/\/www.endecocide.org\/fr\/wp-json\/wp\/v2\/pages\/8544\/revisions\/8592"}],"wp:attachment":[{"href":"https:\/\/www.endecocide.org\/fr\/wp-json\/wp\/v2\/media?parent=8544"}],"curies":[{"name":"wp","href":"https:\/\/api.w.org\/{rel}","templated":true}]}}